{"id":3434,"date":"2024-03-25T11:43:02","date_gmt":"2024-03-25T11:43:02","guid":{"rendered":"https:\/\/marzia-rene.xyz\/?page_id=3434"},"modified":"2024-03-25T11:43:14","modified_gmt":"2024-03-25T11:43:14","slug":"kontakt","status":"publish","type":"page","link":"https:\/\/marzia-rene.xyz\/?page_id=3434","title":{"rendered":"Kontakt"},"content":{"rendered":"\n  \n    <section class=\"u-clearfix u-hidden-sm u-hidden-xs u-section-1\" id=\"sec-58b9\">\n      <div class=\"u-clearfix u-sheet u-sheet-1\">\n        <div class=\"u-clearfix u-custom-html u-expanded-width u-custom-html-1\"><!-- START Code DWFormgenerator CSS-Stylesheet -->\n          <link type=\"text\/css\" rel=\"stylesheet\" href=\"https:\/\/www.dw-formmailer.de\/css\/forms_responsive.css?ver=1.5.0\">\n          <style type=\"text\/css\"> .dis-icon {\n padding: 10px;\n color: #7794FF;\n min-width: 40px;\n text-align: center;\n font-size: 1em;\n}\n.dis-icon-left {\n color: #7794FF;\n min-width: 40px;\n text-align: center;\n font-size: 1em;\n}\n.dis-input-container {position: relative !important;}\n.dis-input-container label i {position: absolute !important;left: auto !important;top: calc(50% - 0.5em) !important;}\n.dis-input-container input {position: initial !important;padding: 3px 4px 3px 40px !important;}\n@media print {\n#page_top div[id^='page_'] {\n  display: inline !important;\n } \n}\n.fds-1, .table *, .table2 * {box-sizing: border-box;}\na.dwflink:link {text-decoration: underline; color: #0000FF}\na.dwflink:visited {text-decoration: underline; color: #0000FF}\na.dwflink:hover {text-decoration: underline; color: #0000FF}\n.font-big {\n font-family:'Verdana', sans-serif;\n font-size:20px; font-weight:bold;\n color:#000000;\n}\n.font-small {\n font-family:'Verdana', sans-serif;\n font-size:10px; font-weight:normal;\n color:#000000;\n}\n.lb-1 {\n display: block;\n margin:0.4rem 0;\n}\n.table * .align {\n display: table-cell;\n}\n.col2 {width:30%;\n}\n.col8 {width:4.998%;}\n.col8_r {width:11.662%;}\n.col10 {width:6%;}\n.col10_r {width:14%;}\n.col12 {width:7.5%;}\n.col12_r {width:17.5%;}\n.col16 {width:9.996%;}\n.col16_r {width:23.334%;}\n.col25 {width:15%;}\n.col25_r {width:35%;}\n.col16fx {width:16.66%;}\n.col20 {width:20%;}\n.col25fx {width:25%;}\n.col33 {width:33.33%;}\n.col50 {width:50%;}\n.table {\n margin-left: auto;\n width:90%;\n margin-right: auto;\n border-spacing:1px;\n background-color:transparent;\n letter-spacing:normal;\n}\n.table2 {\n background-color:transparent;\n width:100%;\n border-collapse:collapse;\n}\n.head {\n padding:3px;\n background-color:transparent;\n}\n.main {\n padding:3px;\n background-color:transparent;\n font-family:'Verdana', sans-serif;\n font-size:14px; font-weight:normal;\n color:#000000;\n}\n.foot {\n padding:3px;\n background-color:transparent;\n}\n.align {\n text-align:right;\n}\n.textarea {\n background-color:#FFFFFF;\n color:#000000;\n font-family:'Verdana', sans-serif;\n font-size:14px;\n font-weight: normal;\n border : 1px solid #808080;\n border-radius:4px; -webkit-border-radius:4px;\n padding: 3px;\n position:relative;\n letter-spacing:normal;\n}\n.input {\n background-color:#FFFFFF;\n color:#000000;\n font-family:'Verdana', sans-serif;\n border : 1px solid #808080;\n font-size:14px;\n border-radius:4px; -webkit-border-radius:4px;\n padding: 3px;\n position:relative;\n vertical-align:middle;\n letter-spacing:normal;\n}\n.select {\n background-color:#FFFFFF;\n color:#000000;\n font-family:'Verdana', sans-serif;\n border : 1px solid #808080;\n font-size:14px;\n border-radius:4px; -webkit-border-radius:4px;\n padding: 3px;\n position:relative;\n vertical-align:middle;\n letter-spacing:normal;\n}\n.textarea:hover, .textarea:focus, .input:hover, .input:focus, .select:hover, .select:focus {\n border-color: #000000;\n box-shadow:inset 0 1px 1px rgba(0,0,0,.075), 0 0 10px rgba(0,0,0,0.75);\n-webkit-box-shadow:inset 0 1px 1px rgba(0,0,0,.075), 0 0 10px rgba(0,0,0,0.75);\n}\n.button {\n cursor: pointer;\n padding:5px 12px;\n margin:3px 0;\n display:inline;\n text-decoration:none;\n border-radius:6px;\n -webkit-border-radius:6px;\n position:relative;\n background-color:#EEEEEE;\n color:#000000;\n font-family:'Verdana', sans-serif;\n font-size:16px;\n font-weight: bold;\n border : 1px solid #EEEEEE;\n min-width: 200px;\n letter-spacing:normal;\n}\n.button_send {\n cursor: pointer;\n padding:5px 12px;\n margin:3px 0;\n display:inline;\n text-decoration:none;\n border-radius:6px;\n -webkit-border-radius:6px;\n position:relative;\n background-color:#7794FF;\n color:#000000;\n font-family:'Verdana', sans-serif;\n font-size:16px;\n font-weight: bold;\n border : 1px solid #FFFFFF;\n min-width: 200px;\n letter-spacing:normal;\n}\n.button:hover, .button:focus {\n border : 1px solid #EEEEEE;\n color:#000000;\n text-decoration:none;\n background: #DEDEDE;\n}\n.button_send:hover, .button_send:focus {\n border : 1px solid #FFFFFF;\n color:#000000;\n text-decoration:none;\n background: #708BF0;\n}\n.radio_v {\n display: block;\n position: relative;\n}\n.radio_h {\n display: inline;\n position: relative;\n margin-right:8px;\n} <\/style><!-- END Code DWFormgenerator CSS-Stylesheet --><!-- START Code DWFormgenerator Javascript -->\n          <script type=\"text\/javascript\" src=\"https:\/\/www.dw-formmailer.de\/scripts\/forms_captcha.js?ver=1.0.5\" charset=\"utf-8\"><\/script>\n          <script type=\"text\/javascript\" src=\"https:\/\/www.dw-formmailer.de\/scripts\/forms_function.js?ver=1.0.3\" charset=\"utf-8\"><\/script>\n          <script type=\"text\/javascript\"> var chk;\nfunction check_form(f,g) {\n if (f.elements['absender_Name'].value == '') {\n  alert(\"Bitte alle Pflichtfelder ausfu00FCllen! n(Name)\");\n  f.elements['absender_Name'].focus();\n  return false;\n }\n if (f.elements['absender_mail'].value=='') {\n  alert(\"Bitte alle Pflichtfelder ausfu00FCllen! n(E-Mail)\");\n  f.elements['absender_mail'].focus();\n  return false;\n } else {\n  if (!VerifyEmailAddress(f.elements['absender_mail'].value)) {\n   alert(\"Bitte geben Sie eine gu00FCltige E-Mail Adresse ein! n(E-Mail)\");\n   f.elements['absender_mail'].focus();\n   return false;\n  }\n }\n if (f.elements['absender_tel'].value == '') {\n  alert(\"Bitte alle Pflichtfelder ausfu00FCllen! n(Telefon)\");\n  f.elements['absender_tel'].focus();\n  return false;\n }\n if (f.elements['captcha_code_number'].value == '') {\n  alert(\"Bitte alle Pflichtfelder ausfu00FCllen! n(Zum Schutz vor Spamattacken muss der links dargestellte Code in das Eingabefeld eingetragen werden!)\");\n  f.elements['captcha_code_number'].focus();\n  return false;\n }\n return true;\n}; <\/script><!-- END Code DWFormgenerator Javascript --><!-- START Code DWFormgenerator -->\n          <form id=\"fx940199\" name=\"dwmailer\" action=\"https:\/\/www.dw-formmailer.de\/cgi-bin\/dwmailer\/dwmailer.pl\" enctype=\"multipart\/form-data\" method=\"post\" onsubmit=\"return check_form(this);\">\n            <input type=\"hidden\" name=\"page_tv_2\" value=\"\u00e4\u00f6\u00fc\">\n            <input type=\"hidden\" name=\"pflicht\" value=\"absender_Name,absender_tel\">\n            <input type=\"hidden\" name=\"empfaenger_mail\" value=\"bWFyemlhLXJlbmVAY3JlYXdlYi54eXo=\">\n            <input type=\"hidden\" name=\"empfaenger_name\" value=\"Marzia &amp; Rene\">\n            <input type=\"hidden\" name=\"betreff\" value=\"Mail von: [absender_mail]\">\n            <input type=\"hidden\" name=\"language\" value=\"de\">\n            <p style=\"display:none\">\n              <label for=\"absender_cx_name\">CX Name<\/label>\n              <input type=\"text\" name=\"absender_cx_name\" id=\"absender_cx_name\" size=\"20\" value=\"\">\n            <\/p>\n            <span id=\"page_top\" style=\"display:inline;\"><\/span>\n            <table class=\"table\">\n              <tbody>\n                <tr>\n                  <td colspan=\"2\" class=\"head\" width=\"100%\" align=\"left\">\n                    <span class=\"font-big\">Marzia &amp; Rene Kontakt Webseite<\/span>\n                  <\/td>\n                <\/tr>\n                <tr>\n                  <td colspan=\"2\" class=\"main\" width=\"100%\">\n                    <span class=\"font-small\">Bitte f\u00fcllen Sie alle mit * markierten Felder aus. (Pflichtfelder)<\/span>\n                  <\/td>\n                <\/tr>\n                <tr>\n                  <td class=\"align col2 main\">Name*<\/td>\n                  <td class=\"main\">\n                    <input class=\"input tis_width\" type=\"text\" id=\"f0\" name=\"absender_Name\" style=\"width:300px;\" maxlength=\"100\">\n                  <\/td>\n                <\/tr>\n                <tr>\n                  <td class=\"align col2 main\">E-Mail*<\/td>\n                  <td class=\"main\">\n                    <input class=\"input tis_width\" type=\"email\" id=\"f1\" name=\"absender_mail\" style=\"width:300px;\" maxlength=\"100\">\n                  <\/td>\n                <\/tr>\n                <tr>\n                  <td class=\"align col2 main\">Telefon*<\/td>\n                  <td class=\"main\">\n                    <input class=\"input tis_width\" type=\"tel\" id=\"f2\" name=\"absender_tel\" style=\"width:300px;\" maxlength=\"100\">\n                  <\/td>\n                <\/tr>\n                <tr>\n                  <td colspan=\"2\" class=\"main\">Mitteilung<div style=\"float:right;\">(Restzeichen: <span id=\"count_1\">5000<\/span>)\n                    <\/div>\n                    <textarea class=\"textarea\" name=\"absender_mitteilung\" id=\"f3\" style=\"width:100%;height:250px\" onkeydown=\"rest(this,5000,'count_1',event)\" onkeyup=\"rest(this,5000,'count_1',event)\" onchange=\"rest(this,5000,'count_1',event)\"><\/textarea>\n                  <\/td>\n                <\/tr>\n                <tr>\n                  <td class=\"col2 main\" align=\"right\">\n                    <img loading=\"lazy\" decoding=\"async\" id=\"refresh_image_1\" src=\"https:\/\/www.dw-formmailer.de\/image.php?ds=2&amp;bg=\" width=\"150\" height=\"50\" border=\"0\" alt=\"\">\n                  <\/td>\n                  <td class=\"main\">Zum Schutz vor Spamattacken muss der links dargestellte Code in das Eingabefeld eingetragen werden!<br>\n                    <input class=\"input\" type=\"text\" id=\"captcha_code_number\" name=\"captcha_code_number\" size=\"5\" maxlength=\"5\">&nbsp;<span style=\"line-height:2em;white-space: nowrap;\">\n                      <a class=\"dwflink\" href=\"javascript:void(0);\" onclick=\"return reload_image();\">Grafik neu laden<\/a> | <a class=\"dwflink\" href=\"javascript:void(0);\" onclick=\"return play('de');\">Code anh\u00f6ren<\/a>\n                    <\/span>\n                  <\/td>\n                <\/tr>\n                <tr>\n                  <td class=\"foot\" colspan=\"2\" style=\"text-align:center !important;\" width=\"100%\">\n                    <input class=\"button_send\" id=\"button_send\" type=\"submit\" value=\"Abschicken\" style=\"margin-right:2%\">\n                    <input class=\"button\" type=\"reset\" value=\"Zur\u00fccksetzen\">\n                  <\/td>\n                <\/tr>\n              <\/tbody>\n            <\/table>\n          <\/form>\n          <script type=\"text\/javascript\">var ds=\"2\";var bg=\"\";reload_init();<\/script>\n          <div id=\"sprache\" style=\"width:0;height:0;\"><\/div><!-- END Code DWFormgenerator -->\n        <\/div>\n      <\/div>\n    <\/section>\n    <section class=\"u-clearfix u-hidden-lg u-hidden-xl u-section-2\" id=\"sec-adca\">\n      <div class=\"u-clearfix u-sheet u-sheet-1\">\n        <div class=\"u-clearfix u-custom-html u-expanded-width u-hidden-lg u-hidden-xl u-custom-html-1\">\n          <p>\n            <iframe loading=\"lazy\" src=\"https:\/\/www.dw-formmailer.de\/forms.php?f=2553_121305\" height=\"940\" width=\"320\" title=\"GET A QUOTE\"><\/iframe>\n          <\/p>\n        <\/div>\n      <\/div>\n    <\/section>\n    \n    \n    \n    \n  \n","protected":false},"excerpt":{"rendered":"<p>CX Name Marzia &amp; Rene Kontakt Webseite Bitte f\u00fcllen Sie alle mit * markierten Felder aus. (Pflichtfelder) Name* E-Mail* Telefon* Mitteilung(Restzeichen: 5000) Zum Schutz vor Spamattacken muss der links dargestellte Code in das Eingabefeld eingetragen werden! &nbsp; Grafik neu laden | Code anh\u00f6ren<\/p>\n","protected":false},"author":1,"featured_media":0,"parent":0,"menu_order":7,"comment_status":"closed","ping_status":"closed","template":"","meta":{"footnotes":""},"class_list":["post-3434","page","type-page","status-publish","hentry"],"_links":{"self":[{"href":"https:\/\/marzia-rene.xyz\/index.php?rest_route=\/wp\/v2\/pages\/3434","targetHints":{"allow":["GET"]}}],"collection":[{"href":"https:\/\/marzia-rene.xyz\/index.php?rest_route=\/wp\/v2\/pages"}],"about":[{"href":"https:\/\/marzia-rene.xyz\/index.php?rest_route=\/wp\/v2\/types\/page"}],"author":[{"embeddable":true,"href":"https:\/\/marzia-rene.xyz\/index.php?rest_route=\/wp\/v2\/users\/1"}],"replies":[{"embeddable":true,"href":"https:\/\/marzia-rene.xyz\/index.php?rest_route=%2Fwp%2Fv2%2Fcomments&post=3434"}],"version-history":[{"count":1,"href":"https:\/\/marzia-rene.xyz\/index.php?rest_route=\/wp\/v2\/pages\/3434\/revisions"}],"predecessor-version":[{"id":3441,"href":"https:\/\/marzia-rene.xyz\/index.php?rest_route=\/wp\/v2\/pages\/3434\/revisions\/3441"}],"wp:attachment":[{"href":"https:\/\/marzia-rene.xyz\/index.php?rest_route=%2Fwp%2Fv2%2Fmedia&parent=3434"}],"curies":[{"name":"wp","href":"https:\/\/api.w.org\/{rel}","templated":true}]}}